{"id":24,"date":"2014-07-13T17:44:49","date_gmt":"2014-07-13T16:44:49","guid":{"rendered":"http:\/\/www.nicogaudin.net\/laprovet\/?page_id=24"},"modified":"2014-10-27T09:27:36","modified_gmt":"2014-10-27T08:27:36","slug":"distribution","status":"publish","type":"page","link":"http:\/\/www.laprovet.com\/wp\/distribution\/","title":{"rendered":"Distribution"},"content":{"rendered":"<p>LAPROVET a install\u00e9 son si\u00e8ge social \u00e0 <strong>Tours en France<\/strong>, dans la vall\u00e9e de la Loire, patrimoine mondial de l\u2019Unesco et poss\u00e8de une filiale en Hongrie pour la production des vaccins aviaires.<\/p>\n<p>Son r\u00e9seau de distribution assure aujourd\u2019hui la pr\u00e9sence de ses produits dans plus de <strong>40 pays r\u00e9partis sur 5 zones g\u00e9ographiques <\/strong>: Asie, Europe, Moyen Orient, Afrique et Oc\u00e9an Indien.<\/p>\n<p>Ce r\u00e9seau est constitu\u00e9 de distributeurs agr\u00e9\u00e9s avec lesquels un partenariat fort\u00a0se construit gr\u00e2ce \u00e0\u00a0:<\/p>\n<ul>\n<li><strong>La relation humaine<\/strong>\u00a0: bien communiquer et d\u00e9velopper les activit\u00e9s sur le long terme<\/li>\n<li><strong>La confiance<\/strong>\u00a0: travailler ensemble pour atteindre des objectifs communs<\/li>\n<li><strong>Le service<\/strong> : \u00eatre \u00e0 l\u2019\u00e9coute pour s\u2019adapter aux besoins des \u00e9levages et conserver la r\u00e9activit\u00e9 n\u00e9cessaire pour r\u00e9pondre \u00e0 des besoins grandissants<\/li>\n<\/ul>\n<p><img decoding=\"async\" loading=\"lazy\" class=\"aligncenter wp-image-339 size-full\" src=\"http:\/\/www.laprovet.com\/wp\/wp-content\/uploads\/2014\/07\/CARTE_MONDE-2-LAPROVET_1200x740.jpg\" alt=\"\" width=\"1200\" height=\"740\" \/><\/p>\n","protected":false},"excerpt":{"rendered":"<p>LAPROVET a install\u00e9 son si\u00e8ge social \u00e0 Tours en France, dans la vall\u00e9e de la Loire, patrimoine mondial de l\u2019Unesco et poss\u00e8de une filiale en Hongrie pour la production des vaccins aviaires. Son r\u00e9seau de distribution assure aujourd\u2019hui la pr\u00e9sence de ses produits dans plus de 40 pays r\u00e9partis sur 5 zones g\u00e9ographiques : Asie, [&hellip;]<\/p>\n","protected":false},"author":1,"featured_media":497,"parent":0,"menu_order":0,"comment_status":"open","ping_status":"open","template":"societe.php","meta":[],"_links":{"self":[{"href":"http:\/\/www.laprovet.com\/wp\/wp-json\/wp\/v2\/pages\/24"}],"collection":[{"href":"http:\/\/www.laprovet.com\/wp\/wp-json\/wp\/v2\/pages"}],"about":[{"href":"http:\/\/www.laprovet.com\/wp\/wp-json\/wp\/v2\/types\/page"}],"author":[{"embeddable":true,"href":"http:\/\/www.laprovet.com\/wp\/wp-json\/wp\/v2\/users\/1"}],"replies":[{"embeddable":true,"href":"http:\/\/www.laprovet.com\/wp\/wp-json\/wp\/v2\/comments?post=24"}],"version-history":[{"count":2,"href":"http:\/\/www.laprovet.com\/wp\/wp-json\/wp\/v2\/pages\/24\/revisions"}],"predecessor-version":[{"id":627,"href":"http:\/\/www.laprovet.com\/wp\/wp-json\/wp\/v2\/pages\/24\/revisions\/627"}],"wp:featuredmedia":[{"embeddable":true,"href":"http:\/\/www.laprovet.com\/wp\/wp-json\/wp\/v2\/media\/497"}],"wp:attachment":[{"href":"http:\/\/www.laprovet.com\/wp\/wp-json\/wp\/v2\/media?parent=24"}],"curies":[{"name":"wp","href":"https:\/\/api.w.org\/{rel}","templated":true}]}}